{"id":224,"date":"2019-11-27T18:20:51","date_gmt":"2019-11-27T17:20:51","guid":{"rendered":"http:\/\/www.sharanam.it\/?page_id=224"},"modified":"2025-09-01T15:32:00","modified_gmt":"2025-09-01T13:32:00","slug":"corsi","status":"publish","type":"page","link":"https:\/\/www.sharanam.it\/?page_id=224","title":{"rendered":"<font color=#edc96a>Corsi<\/font>"},"content":{"rendered":"\t\t<div data-elementor-type=\"wp-page\" data-elementor-id=\"224\" class=\"elementor elementor-224\">\n\t\t\t\t<div class=\"elementor-element elementor-element-93e54bd e-flex e-con-boxed e-con e-parent\" data-id=\"93e54bd\" data-element_type=\"container\" data-e-type=\"container\">\n\t\t\t\t\t<div class=\"e-con-inner\">\n\t\t\t\t<div class=\"elementor-element elementor-element-bde71ab elementor-widget__width-inherit elementor-widget elementor-widget-eael-adv-accordion\" data-id=\"bde71ab\" data-element_type=\"widget\" data-e-type=\"widget\" data-widget_type=\"eael-adv-accordion.default\">\n\t\t\t\t<div class=\"elementor-widget-container\">\n\t\t\t\t\t            <div class=\"eael-adv-accordion\" id=\"eael-adv-accordion-bde71ab\" data-scroll-on-click=\"no\" data-scroll-speed=\"300\" data-accordion-id=\"bde71ab\" data-accordion-type=\"accordion\" data-toogle-speed=\"300\">\n            <div class=\"eael-accordion-list\">\n\t\t\t\t\t<div id=\"ashtanga\" class=\"elementor-tab-title eael-accordion-header\" tabindex=\"0\" data-tab=\"1\" aria-controls=\"elementor-tab-content-1991\"><span class=\"eael-advanced-accordion-icon-closed\"><i aria-hidden=\"true\" class=\"fa-accordion-icon fas fa-plus\"><\/i><\/span><span class=\"eael-advanced-accordion-icon-opened\"><i aria-hidden=\"true\" class=\"fa-accordion-icon fas fa-minus\"><\/i><\/span><h2 class=\"eael-accordion-tab-title\">ASHTANGA<\/h2><i aria-hidden=\"true\" class=\"fa-toggle fas fa-angle-right\"><\/i><\/div><div id=\"elementor-tab-content-1991\" class=\"eael-accordion-content clearfix\" data-tab=\"1\" aria-labelledby=\"ashtanga\"><h3 style=\"text-align: center\"><span style=\"color: #edc96a\"><strong>\u00c9 una tradizionale forma di Yoga nata nel sud dell&#8217; India, sviluppata e divulgata da Sri. K. Pattabhi Jois dagli insegnamenti del suo maestro Sri. T. Krishnamacharya.<\/strong><\/span><\/h3>\n<p style=\"text-align: center\"><\/p>\n<p class=\"has-text-align-center has-black-color has-text-color\" style=\"text-align: center\"><strong>-la prima serie di chiama YOGA CHIKITSA, che significa &#8220;Yoga terapia&#8221;.<br \/>Allinea il corpo e pulisce gli organi interni.<br \/>-la serie intermedia si chiama NADI SHODANA, che significa &#8220;purificazione delle Nadi&#8221; <br \/>che sono i canali energetici in cui scorre l&#8217;energia vitale.<br \/>-le serie AVANZATE A-B-C-D si chiamano STHIRA BHAGA , <br \/>che significa &#8220;controllo del corpo&#8221;, e richiedono crescente flessibilit\u00e1 e umilt\u00e0, <br \/>integrando forza e grazia.<br \/>Durante la pratica ogni Asana \u00e8 collegato a quello successivo in maniera <br \/>fluida e dinamica seguendo un ordine ben preciso e mantenendo una <br \/>particolare tecnica di respirazione chiamata UJJAYI.<br \/>Il respiro UJJAYI riscalda il corpo dall&#8217; interno generando un&#8217;abbondante <br \/>sudorazione che nutre il corpo di sali minerali e ormoni benefici.<br \/>Un elemento importante della pratica \u00e9 l&#8217;utilizzo dei BANDHA, particolari <br \/>contrazioni muscolari che proteggono e sostengono gli organi interni dirigendo l&#8217;energia in aree specifiche all&#8217; interno del corpo.<br \/>Con la pratica costante dell&#8217;ASHTANGA VINYASA YOGA i risultati si sperimentano <br \/>fin dall&#8217; inizio. Il corpo diventa forte e flessibile e la mente diviene calma e concentrata.<br \/>Praticando con costanza ed umilt\u00e0 si possono infatti ottenere risultati straordinari: provare per credere!<br \/>Come era solito dire Pattabhi Jois &#8220;Pratica e tutto verr\u00e1&#8221;.<\/strong><\/p>\n<p style=\"text-align: center\"><\/p>\n<h2 class=\"wp-block-heading has-text-align-center has-luminous-vivid-orange-color has-white-background-color has-text-color has-background\" style=\"text-align: center\"><span style=\"color: #edc96a\"><strong>Sri. K. Pattabhi Jois<\/strong><\/span><\/h2>\n<p style=\"text-align: center\"><span style=\"color: #000000\"><strong>Nato nel 1915, figlio di un prete bramino, a 12 anni gi\u00e0 praticava Yoga. <\/strong><\/span><br \/><span style=\"color: #000000\"><strong>Lo avrebbe insegnato per 70 anni.<\/strong><\/span><br \/><span style=\"color: #000000\"><strong>Fu allievo del grande maestro Sri. T. Krishnamacharya che, tra i suoi discepoli, <\/strong><\/span><br \/><span style=\"color: #000000\"><strong>contava personaggi come Indra Devi, B.K.S. Iyengar e T.K.V.Desikachar ( suo figlio ).<\/strong><\/span><br \/><span style=\"color: #000000\"><strong>Grande \u00e8 stato il suo contributo allo Yoga.<\/strong><\/span><br \/><span style=\"color: #000000\"><strong>Dopo aver riscoperto un antico manoscritto (lo YOGA KORUNTA del saggio Vamana Rishi), <\/strong><\/span><br \/><span style=\"color: #000000\"><strong>svilupp\u00f2 una tecnica che lui chiamer\u00e0 ASHTANGA YOGA. Nel 1948 fond\u00f3 <\/strong><\/span><br \/><span style=\"color: #000000\"><strong>l&#8217;ASHTANGA YOGA RESEARCH INSTITUTE nella citt\u00e0 di Mysore.<\/strong><\/span><br \/><span style=\"color: #000000\"><strong>Pattabhi Jois divenne popolare in occidente nel 1976 quando ANDR\u00c9 VAN LYSEBETH <\/strong><\/span><br \/><span style=\"color: #000000\"><strong>pubblic\u00f2 un libro dove descrisse la metodologia dell&#8217; ASHTANGA Yoga.<\/strong><\/span><br \/><span style=\"color: #000000\"><strong>Questa pratica \u00e9 stata da alcuni contestata a causa del grosso impegno fisico <\/strong><\/span><br \/><span style=\"color: #000000\"><strong>che richiede ma, d&#8217;altro canto, Pattabhi Jois sosteneva che <\/strong><\/span><br \/><span style=\"color: #000000\"><strong>&#8220;L&#8217;ASANA SENZA IL VINYASA NON PORTA BENEFICIO&#8221;<\/strong><\/span><br \/><span style=\"color: #000000\"><strong>Il 18 Maggio 2009 ha abbandonato il suo corpo terreno a Mysore.<\/strong><\/span><br \/><span style=\"color: #000000\"><strong>La filosofia di Guruji (come veniva chiamato con affetto dai suoi allievi) <\/strong><\/span><br \/><span style=\"color: #000000\"><strong>continua a risuonare nelle scuole di Ashtanga di tutto il mondo: &#8220;99% pratica, <\/strong><\/span><br \/><strong><span style=\"color: #000000\">1% teoria, cos\u00ec automaticamente si pu\u00f2 raggiungere il controllo della mente e l&#8217;unione con l&#8217;anima&#8221;<\/span>.<\/strong><\/p>\n<h3 style=\"text-align: center\"><span style=\"color: #edc96a\"><strong>CLASSE GUIDATA<\/strong><\/span><\/h3>\n<p style=\"text-align: center\"><span style=\"color: #000000\"><strong>L&#8217;insegnante guida gli studenti nell&#8217;esecuzione di una parte della prima serie, <br \/>rispettando il sistema del VINYASA. Il gruppo si muove all&#8217;unisono e la lezione si carica di energia.<br \/>Lezione adatta ai principianti e a coloro che praticano da poco tempo.<\/strong><\/span><\/p>\n<h3 style=\"text-align: center\"><strong><span style=\"color: #edc96a\">CLASSE MYSORE<\/span><\/strong><\/h3>\n<p style=\"text-align: center\"><span style=\"color: #000000\"><strong>Dopo un po&#8217; di esperienza con la classe guidata e dopo aver memorizzato <br \/>almeno i primi passaggi della sequenza, lo studente pratica in maniera autonoma <br \/>seguendo il ritmo del suo respiro. L&#8217;insegnante interviene individualmente, <br \/>facendo progredire l&#8217;allievo solo se pronto a farlo in tutta sicurezza e consapevolezza. <br \/>La pratica diventa personale e profonda.<br \/>\u00c9 una classe adatta ai praticanti che hanno seguito e approfondito la classi guidate.<br \/>L&#8217; Ashtanga Vinyasa Yoga \u00e9 una pratica di medio\/ alta intensit\u00e0 adatta a <br \/>chi ha voglia di trovare centratura, forza equilibrio e presenza lavorando intensamente sul corpo.<\/strong><\/span><\/p>\n<p style=\"text-align: center\"><\/p><\/div>\n\t\t\t\t\t<\/div><div class=\"eael-accordion-list\">\n\t\t\t\t\t<div id=\"hatha-yoga\" class=\"elementor-tab-title eael-accordion-header\" tabindex=\"0\" data-tab=\"2\" aria-controls=\"elementor-tab-content-1992\"><span class=\"eael-advanced-accordion-icon-closed\"><i aria-hidden=\"true\" class=\"fa-accordion-icon fas fa-plus\"><\/i><\/span><span class=\"eael-advanced-accordion-icon-opened\"><i aria-hidden=\"true\" class=\"fa-accordion-icon fas fa-minus\"><\/i><\/span><h2 class=\"eael-accordion-tab-title\">HATHA YOGA<\/h2><i aria-hidden=\"true\" class=\"fa-toggle fas fa-angle-right\"><\/i><\/div><div id=\"elementor-tab-content-1992\" class=\"eael-accordion-content clearfix\" data-tab=\"2\" aria-labelledby=\"hatha-yoga\"><p style=\"text-align: center\"><span style=\"color: #000000\"><strong>Il termine HATHA Yoga si pu\u00f2 tradurre come<br \/>\u201clo yoga dello sforzo, dell\u2019 impegno\u201d, ma il suo significato \u00e9 ben pi\u00f9 complesso.<br \/>La parola \u00e9 composta da Ha e Tha che rispettivamente significano Sole e Luna.<br \/>Essi rappresentano le due energie opposte che, secondo la fisiologia<br \/>sottile dello yoga, abitano all\u2019 interno del nostro corpo.<br \/>Lo HATHA Yoga mira a portare equilibrio tra gli opposti.<br \/>Le classi di HATHA Yoga che trovi in Sharanam sono caratterizzate da<br \/>momenti di ascolto, centratura, gestualit\u00e0 simbolica (Mudra), pratiche<br \/>di scioglimento delle principali articolazioni e sequenze di posizioni<br \/>( Asana ) eseguite in maniera pi\u00f9 o meno dinamica. Il cuore della<br \/>pratica \u00e9 fluido e morbido (\u00e9 un VINYASA) per scaldare il corpo e liberarlo<br \/>dalle tensioni. Cos\u00ec facendo anche la mente diventa pi\u00f9 libera, concentrata e calma.<br \/>La pratica prosegue con brevi momenti di silenzio e meditazione per<br \/>concludersi con il rilassamento guidato. \u00c9 proprio durante<br \/>il rilassamento finale che tutto ci\u00f2 che abbiamo fatto precedentemente viene accolto,<br \/>integrato e nutrito.<br \/>\u00c9 una pratica di medio\/alta intensit\u00e0 adatta a tutti\u2026Basta lasciarsi<br \/>fluire e affidarsi all\u2019intelligenza del proprio corpo.<\/strong><\/span><\/p><\/div>\n\t\t\t\t\t<\/div><div class=\"eael-accordion-list\">\n\t\t\t\t\t<div id=\"hatha-soft\" class=\"elementor-tab-title eael-accordion-header\" tabindex=\"0\" data-tab=\"3\" aria-controls=\"elementor-tab-content-1993\"><span class=\"eael-advanced-accordion-icon-closed\"><i aria-hidden=\"true\" class=\"fa-accordion-icon fas fa-plus\"><\/i><\/span><span class=\"eael-advanced-accordion-icon-opened\"><i aria-hidden=\"true\" class=\"fa-accordion-icon fas fa-minus\"><\/i><\/span><h2 class=\"eael-accordion-tab-title\">HATHA SOFT<\/h2><i aria-hidden=\"true\" class=\"fa-toggle fas fa-angle-right\"><\/i><\/div><div id=\"elementor-tab-content-1993\" class=\"eael-accordion-content clearfix\" data-tab=\"3\" aria-labelledby=\"hatha-soft\"><p style=\"text-align: center\"><span style=\"color: #000000\"><strong>Questa classe si adatta molto bene alle donne in gravidanza ma viene<br \/>frequentata da tutti coloro i quali cercano una pratica gentile e introspettiva.<br \/>\u00c9 una pratica morbida e dolce che dona equilibrio al corpo e alla mente.<br \/>Per lo pi\u00f9 si manifesta a terra, distesi o seduti, ma varia in base<br \/>all\u2019energia del gruppo per adattarsi alle esigenze di tutti.<br \/>Si porta consapevolezza alla respirazione e, all\u2019 interno di essa,<br \/>ci si muove per liberare corpo e mente.<br \/>\u00c9 una classe di medio\/ bassa intensit\u00e1 veramente alla portata di tutti:<br \/>donne in dolce attesa<br \/>ragazzi giovani<br \/>persone pi\u00f9 mature o con limitazioni di movimento.<\/strong><\/span><\/p><\/div>\n\t\t\t\t\t<\/div><div class=\"eael-accordion-list\">\n\t\t\t\t\t<div id=\"yin\" class=\"elementor-tab-title eael-accordion-header\" tabindex=\"0\" data-tab=\"4\" aria-controls=\"elementor-tab-content-1994\"><span class=\"eael-advanced-accordion-icon-closed\"><i aria-hidden=\"true\" class=\"fa-accordion-icon fas fa-plus\"><\/i><\/span><span class=\"eael-advanced-accordion-icon-opened\"><i aria-hidden=\"true\" class=\"fa-accordion-icon fas fa-minus\"><\/i><\/span><h2 class=\"eael-accordion-tab-title\">YIN<\/h2><i aria-hidden=\"true\" class=\"fa-toggle fas fa-angle-right\"><\/i><\/div><div id=\"elementor-tab-content-1994\" class=\"eael-accordion-content clearfix\" data-tab=\"4\" aria-labelledby=\"yin\"><p style=\"text-align: center\"><span style=\"color: #000000\"><strong>Lo YIN YOGA \u00e9 un tipo di pratica molto profonda che mira a<br \/>raggiungere la capacit\u00e0 di lasciare e lasciarsi andare.<br \/>Il concetto di Yin &amp; Yang ha origine dall\u2019 antica filosofia cinese.<br \/>Essi sono i due opposti che coesistono in ogni fenomeno naturale.<br \/>Tutto ci\u00f2 che \u00e9 chiaro, mobile, caldo, flessibile, morbido e attivo \u00e9 di natura YANG,<br \/>mentre tutto cio che \u00e9 scuro, quieto, freddo, rigido, duro e passivo \u00e8 di natura YIN.<br \/>All\u2019interno del nostro corpo i muscoli sono di natura Yang mantre il tessuto connettivo<br \/>(fascia, legamenti, tendini e cartilagini) \u00e9 di natura YIN.<br \/>La classe di YIN yoga \u00e9 lenta, calma, talvolta statica.<br \/>Le posizioni sono per lo pi\u00f9 a terra, seduti o distesi e vengono<br \/>mantenute da un minimo di 2 minuti fino ad arrivare a una tenuta di 10 minuti o pi\u00fa.<br \/>Il concetto \u00e9 quello di riuscire ad abbandonarsi all\u2019interno dell\u2019 Asana,<br \/>rilassando la muscolatura e raggiungendo cos\u00ec il tessuto connettivo profondo.<br \/>La fascia viene stimolata e reidratata. Il corpo diventa pi\u00f9 flessibile ed elastico.<br \/>A livello emotivo dona calma e apre all\u2019 introspezione.<br \/>\u00c9 una pratica di bassa intensit\u00e0 che tuttavia lavora sul corpo molto<br \/>profondamente donando presenza e quiete<\/strong><\/span><\/p><\/div>\n\t\t\t\t\t<\/div><div class=\"eael-accordion-list\">\n\t\t\t\t\t<div id=\"aerial\" class=\"elementor-tab-title eael-accordion-header\" tabindex=\"0\" data-tab=\"5\" aria-controls=\"elementor-tab-content-1995\"><span class=\"eael-advanced-accordion-icon-closed\"><i aria-hidden=\"true\" class=\"fa-accordion-icon fas fa-plus\"><\/i><\/span><span class=\"eael-advanced-accordion-icon-opened\"><i aria-hidden=\"true\" class=\"fa-accordion-icon fas fa-minus\"><\/i><\/span><h2 class=\"eael-accordion-tab-title\">AERIAL<\/h2><i aria-hidden=\"true\" class=\"fa-toggle fas fa-angle-right\"><\/i><\/div><div id=\"elementor-tab-content-1995\" class=\"eael-accordion-content clearfix\" data-tab=\"5\" aria-labelledby=\"aerial\"><p style=\"text-align: center\"><strong><span style=\"color: #000000\">Si utilizzano amache fatte in tessuto resistente, appese al soffitto, che supportano, accompagnano e cullano durante le sequenze di posizioni, permettendo anche tantissime inversioni.<\/span><\/strong><br \/><strong><span style=\"color: #000000\">Un modo divertente e creativo per utilizzare il corpo e invertire il solito punto di vista.<\/span><\/strong><\/p><\/div>\n\t\t\t\t\t<\/div><div class=\"eael-accordion-list\">\n\t\t\t\t\t<div id=\"anukalana\" class=\"elementor-tab-title eael-accordion-header\" tabindex=\"0\" data-tab=\"6\" aria-controls=\"elementor-tab-content-1996\"><span class=\"eael-advanced-accordion-icon-closed\"><i aria-hidden=\"true\" class=\"fa-accordion-icon fas fa-plus\"><\/i><\/span><span class=\"eael-advanced-accordion-icon-opened\"><i aria-hidden=\"true\" class=\"fa-accordion-icon fas fa-minus\"><\/i><\/span><h2 class=\"eael-accordion-tab-title\">ANUKALANA<\/h2><i aria-hidden=\"true\" class=\"fa-toggle fas fa-angle-right\"><\/i><\/div><div id=\"elementor-tab-content-1996\" class=\"eael-accordion-content clearfix\" data-tab=\"6\" aria-labelledby=\"anukalana\"><p style=\"text-align: center\"><span style=\"color: #000000\"><strong>Anukalana \u00e8 un modo naturale, fluido e morbido di praticare yoga, capace di rispettare i bisogni e la costituzione di ogni individuo.<br \/>Grazie al respiro, che si muove in perfetta sinergia con il corpo e il movimento, si crea un senso di benessere sia nelle posizioni mantenute che nelle transizioni pi\u00f9 dinamiche, fasi entrambe presenti nella pratica.<br \/>I blocchi energetici si sciolgono e il corpo ritorna ad essere fluido, aperto, leggero e forte al tempo stesso.<br \/>La lezione avr\u00e0 un primo momento di centratura con il quale distaccarci dalla giornata, si passer\u00e0 ad una fase di scioglimento che ci porter\u00e0 agli asana apice (posture) e al flow (una sorta di \u201cdanza\u201d tra posizioni), per poi calmare tutto il sistema con posizioni soft che ci condurranno verso il rilassamento finale.<br \/>Alla fine della pratica corpo e mente saranno allineati in una piacevole sensazione di calma, equilibrio e integrazione.<\/strong><\/span><\/p><\/div>\n\t\t\t\t\t<\/div><div class=\"eael-accordion-list\">\n\t\t\t\t\t<div id=\"pilates\" class=\"elementor-tab-title eael-accordion-header\" tabindex=\"0\" data-tab=\"7\" aria-controls=\"elementor-tab-content-1997\"><span class=\"eael-advanced-accordion-icon-closed\"><i aria-hidden=\"true\" class=\"fa-accordion-icon fas fa-plus\"><\/i><\/span><span class=\"eael-advanced-accordion-icon-opened\"><i aria-hidden=\"true\" class=\"fa-accordion-icon fas fa-minus\"><\/i><\/span><h2 class=\"eael-accordion-tab-title\">PILATES<\/h2><i aria-hidden=\"true\" class=\"fa-toggle fas fa-angle-right\"><\/i><\/div><div id=\"elementor-tab-content-1997\" class=\"eael-accordion-content clearfix\" data-tab=\"7\" aria-labelledby=\"pilates\"><p style=\"text-align: center\"><span style=\"color: #000000\"><strong>Durante questa classe ci dedicheremo al benessere di corpo e mente utilizzando diverse sequenze di movimenti sia in piedi che a terra focalizzandoci sulla stabilit\u00e0 del CORE (parte centrale del corpo) e il controllo del movimento grazie al respiro.<\/strong><\/span><br \/><span style=\"color: #000000\"><strong>Il Pilates ci aiuter\u00e0 con la coordinazione dei movimenti, sviluppando la tonicit\u00e0 muscolare di tutto il corpo e al tempo stesso rendendolo pi\u00f9 flessibile.<\/strong><\/span><\/p><\/div>\n\t\t\t\t\t<\/div><\/div>\t\t\t\t<\/div>\n\t\t\t\t<\/div>\n\t\t\t\t\t<\/div>\n\t\t\t\t<\/div>\n\t\t\t\t<\/div>\n\t\t","protected":false},"excerpt":{"rendered":"<p>ASHTANGA \u00c9 una tradizionale forma di Yoga nata nel sud dell&#8217; India, sviluppata e divulgata da Sri. K. Pattabhi Jois dagli insegnamenti del suo maestro Sri. T. Krishnamacharya. -la prima serie di chiama YOGA CHIKITSA, che significa &#8220;Yoga terapia&#8221;.Allinea il corpo e pulisce gli organi interni.-la serie intermedia si chiama NADI SHODANA, che significa &#8220;purificazione [&hellip;]<\/p>\n","protected":false},"author":1,"featured_media":0,"parent":0,"menu_order":0,"comment_status":"closed","ping_status":"closed","template":"","meta":{"footnotes":""},"class_list":["post-224","page","type-page","status-publish","hentry"],"_links":{"self":[{"href":"https:\/\/www.sharanam.it\/index.php?rest_route=\/wp\/v2\/pages\/224","targetHints":{"allow":["GET"]}}],"collection":[{"href":"https:\/\/www.sharanam.it\/index.php?rest_route=\/wp\/v2\/pages"}],"about":[{"href":"https:\/\/www.sharanam.it\/index.php?rest_route=\/wp\/v2\/types\/page"}],"author":[{"embeddable":true,"href":"https:\/\/www.sharanam.it\/index.php?rest_route=\/wp\/v2\/users\/1"}],"replies":[{"embeddable":true,"href":"https:\/\/www.sharanam.it\/index.php?rest_route=%2Fwp%2Fv2%2Fcomments&post=224"}],"version-history":[{"count":82,"href":"https:\/\/www.sharanam.it\/index.php?rest_route=\/wp\/v2\/pages\/224\/revisions"}],"predecessor-version":[{"id":2660,"href":"https:\/\/www.sharanam.it\/index.php?rest_route=\/wp\/v2\/pages\/224\/revisions\/2660"}],"wp:attachment":[{"href":"https:\/\/www.sharanam.it\/index.php?rest_route=%2Fwp%2Fv2%2Fmedia&parent=224"}],"curies":[{"name":"wp","href":"https:\/\/api.w.org\/{rel}","templated":true}]}}